{"id":858,"date":"2026-02-01T09:13:36","date_gmt":"2026-02-01T08:13:36","guid":{"rendered":"https:\/\/nbnk.be\/?page_id=858"},"modified":"2026-05-12T09:01:52","modified_gmt":"2026-05-12T07:01:52","slug":"all-about-nbnk","status":"publish","type":"page","link":"https:\/\/nbnk.be\/fr\/all-about-nbnk\/","title":{"rendered":"\u00e0 propos de nbnk"},"content":{"rendered":"\n<div class=\"wp-block-group alignfull has-accent-background-color has-background has-global-padding is-layout-constrained wp-container-core-group-is-layout-669513ed wp-block-group-is-layout-constrained\" style=\"margin-top:0;margin-bottom:0;padding-top:var(--wp--preset--spacing--50);padding-right:var(--wp--preset--spacing--50);padding-bottom:var(--wp--preset--spacing--50);padding-left:var(--wp--preset--spacing--50)\">\n<div class=\"wp-block-columns alignwide is-layout-flex wp-container-core-columns-is-layout-1da03c2a wp-block-columns-is-layout-flex\">\n<div class=\"wp-block-column is-vertically-aligned-stretch is-layout-flow wp-block-column-is-layout-flow\" style=\"flex-basis:70%\">\n<div class=\"wp-block-group is-vertical is-content-justification-stretch is-layout-flex wp-container-core-group-is-layout-444d5ee8 wp-block-group-is-layout-flex\" style=\"min-height:100%\">\n<h2 class=\"wp-block-heading\">qu&rsquo;est-ce que tu fais?<\/h2>\n\n\n\n<p>J&rsquo;utilise les dimensions musicales \u2013 rythme, m\u00e9lodie, harmonie, texture \u2013 comme des voies pour guider l&rsquo;audit\u00b7eur\u00b7rice vers l&rsquo;int\u00e9rieur, \u00e0 travers des \u00e9tats de <strong>conscience<\/strong> \u2013 \u00e9motionnelle,  humaine et au-del\u00e0.<\/p>\n\n\n\n<p>\u00c0 c\u00f4t\u00e9 de ce projet personnel, je chante et tourne avec un quatuor professionnel d&rsquo;harmonie rapproch\u00e9e <strong>a cappella, <a href=\"https:\/\/www.o-boy.be\">O!Boy<\/a> <\/strong>, ainsi que dans plusieurs groupes d&rsquo;<strong>improvisation vocale<\/strong>.<\/p>\n\n\n\n<h2 class=\"wp-block-heading\">o\u00f9 puis-je t&rsquo;\u00e9couter?<\/h2>\n\n\n\n<p>Ma musique est disponible sur toutes les plateformes de streaming : <a href=\"https:\/\/tidal.com\/artist\/50618409\">Tidal<\/a>, <a href=\"https:\/\/open.spotify.com\/artist\/5tLuP3Hv0bFxTrQE6RxLmm?si=zHHhR_3KRfiofoYj1XHpQA\">Spotify<\/a>, <a href=\"https:\/\/music.apple.com\/us\/artist\/nanabi-no-kitsune\/1769883609\">Apple Music<\/a>, <a href=\"http:\/\/www.youtube.com\/@nanabinokitsune\">YouTube<\/a>, <a href=\"https:\/\/soundcloud.com\/nanabinokitsune\">SoundCloud<\/a>&#8230;<\/p>\n\n\n\n<p>Je suis bas\u00e9 \u00e0 Bruxelles. Je chante en live pour le moment principalement avec O!Boy, mais d&rsquo;autres projets arrivent.<\/p>\n\n\n\n<h2 class=\"wp-block-heading\">qui es-tu?<\/h2>\n\n\n\n<p>Je suis <a href=\"https:\/\/emmanueldonnet.be\">Emmanuel Donnet<\/a>, \u00eatre humain, chanteur, musicien, psychologue, th\u00e9rapeute, explorateur curieux de la conscience. Je suis aussi fils, p\u00e8re, fr\u00e8re, ami de nombreu\u00b7se\u00b7x. Tou\u00b7te\u00b7s, possiblement.<\/p>\n\n\n\n<p>Je fais de la musique, chante et joue du clavier depuis l&rsquo;enfance.<\/p>\n\n\n\n<h3 class=\"wp-block-heading has-x-large-font-size\">pourquoi nbnk ?<\/h3>\n\n\n\n<p>\u00ab\u00a0nanabi no kitsune\u00a0\u00bb (\u4e03\u5c3e\u306e\u72d0, japonais) signifie \u00ab\u00a0renard \u00e0 7 queues\u00a0\u00bb. Le nom est une variante de \u00ab\u00a0kyubi no <a href=\"https:\/\/en.wikipedia.org\/wiki\/Kitsune\">kitsune<\/a>\u00a0\u00bb (\u4e5d\u5c3e\u306e\u72d0, \u00ab\u00a0renard \u00e0 neuf queues\u00a0\u00bb), personnage du folklore japonais. Ce nom exprime ma fascination pour le <strong>monde invisible<\/strong>, la culture japonaise et mon affection pour l&rsquo;animal roux.<br>\u00ab\u00a0<em>nbnk<\/em>\u00a0\u00bb est la version courte \u2014 et plus facile \u00e0 retenir \u2014 du nom complet full, bas\u00e9e sur la premi\u00e8re lettre de chaque caract\u00e8re du nom en japonais.<\/p>\n\n\n\n<h2 class=\"wp-block-heading\">et si je veux en savoir plus?<\/h2>\n\n\n\n<p>Suis-moi sur <a href=\"https:\/\/www.instagram.com\/nanabinokitsune\/\">Instagram<\/a>, <a href=\"https:\/\/www.facebook.com\/nanabinokitsune\/\">Facebook <\/a>ou <a href=\"https:\/\/www.tiktok.com\/@nanabi.no.kitsune\">TikTok<\/a>.<\/p>\n\n\n\n<p>Des questions ? Pose-les par <a href=\"mailto:emmanuel@nbnk.be\">e-mail<\/a> ou via <a href=\"https:\/\/www.instagram.com\/nanabinokitsune\/\">Instagram<\/a>.<\/p>\n<\/div>\n<\/div>\n\n\n\n<div class=\"wp-block-column is-vertically-aligned-center is-layout-flow wp-block-column-is-layout-flow\" style=\"flex-basis:30%\">\n<figure class=\"wp-block-image size-large\"><img decoding=\"async\" width=\"1024\" height=\"740\" data-src=\"https:\/\/nbnk.be\/wp-content\/uploads\/2026\/02\/Emmanuel-Donnet-Photo-de-Nathalie-Frennet-IMG_9469-2-1024x740.jpg\" alt=\"photo de profil d'Emmanuel\" class=\"wp-image-870 lazyload\" data-srcset=\"https:\/\/nbnk.be\/wp-content\/uploads\/2026\/02\/Emmanuel-Donnet-Photo-de-Nathalie-Frennet-IMG_9469-2-1024x740.jpg 1024w, https:\/\/nbnk.be\/wp-content\/uploads\/2026\/02\/Emmanuel-Donnet-Photo-de-Nathalie-Frennet-IMG_9469-2-300x217.jpg 300w, https:\/\/nbnk.be\/wp-content\/uploads\/2026\/02\/Emmanuel-Donnet-Photo-de-Nathalie-Frennet-IMG_9469-2-768x555.jpg 768w, https:\/\/nbnk.be\/wp-content\/uploads\/2026\/02\/Emmanuel-Donnet-Photo-de-Nathalie-Frennet-IMG_9469-2-1536x1110.jpg 1536w, https:\/\/nbnk.be\/wp-content\/uploads\/2026\/02\/Emmanuel-Donnet-Photo-de-Nathalie-Frennet-IMG_9469-2-2048x1480.jpg 2048w\" data-sizes=\"(max-width: 1024px) 100vw, 1024px\" src=\"data:image\/svg+xml;base64,PHN2ZyB3aWR0aD0iMSIgaGVpZ2h0PSIxIiB4bWxucz0iaHR0cDovL3d3dy53My5vcmcvMjAwMC9zdmciPjwvc3ZnPg==\" style=\"--smush-placeholder-width: 1024px; --smush-placeholder-aspect-ratio: 1024\/740;\" \/><figcaption class=\"wp-element-caption\">Emmanuel Donnet &#8211; photo : <a href=\"https:\/\/www.instagram.com\/nathalie.frennet\/\">Nathalie Frennet<\/a><\/figcaption><\/figure>\n\n\n\n<figure class=\"wp-block-image size-full is-resized has-custom-border is-style-default\"><img decoding=\"async\" width=\"468\" height=\"468\" data-src=\"https:\/\/nbnk.be\/wp-content\/uploads\/2024\/09\/nanabinokitsune_d97523fe-63d6-4e35-8e6f-9c85af8f8e04.jpg\" alt=\"nanabi no kitsune - image generated avec DALL-E\" class=\"wp-image-284 lazyload\" style=\"--smush-placeholder-width: 468px; --smush-placeholder-aspect-ratio: 468\/468;border-top-left-radius:0px;border-top-right-radius:0px;border-bottom-left-radius:0px;border-bottom-right-radius:0px;width:468px;height:auto\" data-srcset=\"https:\/\/nbnk.be\/wp-content\/uploads\/2024\/09\/nanabinokitsune_d97523fe-63d6-4e35-8e6f-9c85af8f8e04.jpg 468w, https:\/\/nbnk.be\/wp-content\/uploads\/2024\/09\/nanabinokitsune_d97523fe-63d6-4e35-8e6f-9c85af8f8e04-300x300.jpg 300w, https:\/\/nbnk.be\/wp-content\/uploads\/2024\/09\/nanabinokitsune_d97523fe-63d6-4e35-8e6f-9c85af8f8e04-150x150.jpg 150w\" data-sizes=\"(max-width: 468px) 100vw, 468px\" src=\"data:image\/svg+xml;base64,PHN2ZyB3aWR0aD0iMSIgaGVpZ2h0PSIxIiB4bWxucz0iaHR0cDovL3d3dy53My5vcmcvMjAwMC9zdmciPjwvc3ZnPg==\" \/><figcaption class=\"wp-element-caption\">nanabi no kitsune &#8211; image g\u00e9n\u00e9r\u00e9e avec DALL-E<\/figcaption><\/figure>\n<\/div>\n<\/div>\n<\/div>\n","protected":false},"excerpt":{"rendered":"<p>qu&rsquo;est-ce que tu fais? J&rsquo;utilise les dimensions musicales \u2013 rythme, m\u00e9lodie, harmonie, texture \u2013 comme des voies pour guider l&rsquo;audit\u00b7eur\u00b7rice vers l&rsquo;int\u00e9rieur, \u00e0 travers des \u00e9tats de conscience \u2013 \u00e9motionnelle, humaine et au-del\u00e0. \u00c0 c\u00f4t\u00e9 de ce projet personnel, je chante et tourne avec un quatuor professionnel d&rsquo;harmonie rapproch\u00e9e a cappella, O!Boy , ainsi que [&hellip;]<\/p>\n","protected":false},"author":2,"featured_media":0,"parent":0,"menu_order":0,"comment_status":"closed","ping_status":"closed","template":"","meta":{"_acf_changed":false,"footnotes":""},"class_list":["post-858","page","type-page","status-publish","hentry"],"acf":[],"_links":{"self":[{"href":"https:\/\/nbnk.be\/fr\/wp-json\/wp\/v2\/pages\/858","targetHints":{"allow":["GET"]}}],"collection":[{"href":"https:\/\/nbnk.be\/fr\/wp-json\/wp\/v2\/pages"}],"about":[{"href":"https:\/\/nbnk.be\/fr\/wp-json\/wp\/v2\/types\/page"}],"author":[{"embeddable":true,"href":"https:\/\/nbnk.be\/fr\/wp-json\/wp\/v2\/users\/2"}],"replies":[{"embeddable":true,"href":"https:\/\/nbnk.be\/fr\/wp-json\/wp\/v2\/comments?post=858"}],"version-history":[{"count":19,"href":"https:\/\/nbnk.be\/fr\/wp-json\/wp\/v2\/pages\/858\/revisions"}],"predecessor-version":[{"id":911,"href":"https:\/\/nbnk.be\/fr\/wp-json\/wp\/v2\/pages\/858\/revisions\/911"}],"wp:attachment":[{"href":"https:\/\/nbnk.be\/fr\/wp-json\/wp\/v2\/media?parent=858"}],"curies":[{"name":"wp","href":"https:\/\/api.w.org\/{rel}","templated":true}]}}